{"id":3,"date":"2023-08-21T22:21:10","date_gmt":"2023-08-22T01:21:10","guid":{"rendered":"https:\/\/dev.ytrigueiro.com.br\/ytadvocacia\/?page_id=3"},"modified":"2025-03-23T23:34:18","modified_gmt":"2025-03-24T02:34:18","slug":"politica-de-privacidade","status":"publish","type":"page","link":"https:\/\/dev.ytrigueiro.com.br\/ytadvocacia\/politica-de-privacidade\/","title":{"rendered":"Pol\u00edtica de privacidade"},"content":{"rendered":"\t\t<div data-elementor-type=\"wp-page\" data-elementor-id=\"3\" class=\"elementor elementor-3\" data-elementor-post-type=\"page\">\n\t\t\t\t<div class=\"elementor-element elementor-element-8cd6600 e-flex e-con-boxed e-con e-parent\" data-id=\"8cd6600\" data-element_type=\"container\">\n\t\t\t\t\t<div class=\"e-con-inner\">\n\t\t<div class=\"elementor-element elementor-element-978b808 e-con-full e-flex e-con e-child\" data-id=\"978b808\" data-element_type=\"container\">\n\t\t\t\t<div class=\"elementor-element elementor-element-9b1799e elementor-widget elementor-widget-heading\" data-id=\"9b1799e\" data-element_type=\"widget\" data-widget_type=\"heading.default\">\n\t\t\t\t<div class=\"elementor-widget-container\">\n\t\t\t\t\t<h1 class=\"elementor-heading-title elementor-size-default\">Pol\u00edtica de privacidade<\/h1>\t\t\t\t<\/div>\n\t\t\t\t<\/div>\n\t\t\t\t<div class=\"elementor-element elementor-element-6b438ae elementor-widget elementor-widget-text-editor\" data-id=\"6b438ae\" data-element_type=\"widget\" data-widget_type=\"text-editor.default\">\n\t\t\t\t<div class=\"elementor-widget-container\">\n\t\t\t\t\t\t\t\t\t<p>A sua privacidade \u00e9 importante para n\u00f3s. \u00c9 pol\u00edtica do site Fernandes e Trigueiro Sociedade de Advogados respeitar a sua privacidade em rela\u00e7\u00e3o a qualquer informa\u00e7\u00e3o sua que possamos coletar no site <a href=\"https:\/\/dev.ytrigueiro.com.br\/ytadvocacia\/\" target=\"_blank\" rel=\"noopener\">Fernandes e Trigueiro Sociedade de Advogados<\/a>, e outros sites que possu\u00edmos e operamos.<\/p>\n<p>Trabalhamos com base na Lei de Prote\u00e7\u00e3o de Dados (13.709\/2018) que traz garantias de privacidade, confidencialidade, reten\u00e7\u00e3o, prote\u00e7\u00e3o aos direitos fundamentais de liberdade e o livre desenvolvimento da personalidade da pessoa. Al\u00e9m disso, respeitamos a Constitui\u00e7\u00e3o Federal da Rep\u00fablica Federativa do Brasil, o C\u00f3digo de Defesa do Consumidor (Lei 8.078\/90), Marco Civil da Internet (Lei 12.965\/14).<\/p>\n<p>Solicitamos informa\u00e7\u00f5es pessoais apenas quando realmente precisamos delas para lhe fornecer um servi\u00e7o. Fazemo-lo por meios justos e legais, com o seu conhecimento e consentimento. Tamb\u00e9m informamos por que estamos coletando e como ser\u00e1 usado.<\/p>\n<p>Deixamos claro o motivo que estamos coletando e como ser\u00e1 usado, pois tudo \u00e9 feito para correta administra\u00e7\u00e3o geral.<\/p>\n<p>Apenas retemos as informa\u00e7\u00f5es coletadas pelo tempo necess\u00e1rio para fornecer o servi\u00e7o solicitado. Quando armazenamos dados, protegemos dentro de meios comercialmente aceit\u00e1veis pela legisla\u00e7\u00e3o atual para evitar perdas e roubos, bem como acesso, divulga\u00e7\u00e3o, c\u00f3pia, uso ou modifica\u00e7\u00e3o n\u00e3o autorizados.<\/p>\n<p>N\u00e3o compartilhamos informa\u00e7\u00f5es de identifica\u00e7\u00e3o pessoal publicamente ou com terceiros, exceto por determina\u00e7\u00e3o judicial.<\/p>\n<p>O nosso site pode ter links para sites externos que n\u00e3o s\u00e3o operados por n\u00f3s. Diante disto, n\u00e3o nos responsabilizamos por danos de terceiros. Esteja ciente de que n\u00e3o temos controle sobre o conte\u00fado e pr\u00e1ticas de sites de terceiros e n\u00e3o podemos aceitar responsabilidade por suas respectivas pol\u00edticas de privacidade.<\/p>\n<p>Na qualidade de consumidor, voc\u00ea \u00e9 livre para recusar a nossa solicita\u00e7\u00e3o de informa\u00e7\u00f5es pessoais, entendendo que talvez n\u00e3o possamos fornecer alguns dos servi\u00e7os desejados.<\/p>\n<p>O uso continuado de nosso site ser\u00e1 considerado como aceita\u00e7\u00e3o de nossas pr\u00e1ticas em torno de privacidade e informa\u00e7\u00f5es pessoais. Se voc\u00ea tiver alguma d\u00favida sobre como lidamos com dados do usu\u00e1rio e informa\u00e7\u00f5es pessoais, entre em contato conosco atrav\u00e9s do e-mail atendimentolgpd@tyadvocacia.com.br.<\/p>\n<p>Nossa pol\u00edtica \u00e9 atualizada de forma constante.<\/p>\n<p>Fica, desde j\u00e1, o titular de dados ciente que o conte\u00fado desta Pol\u00edtica de Privacidade pode ser alterado a crit\u00e9rio do site Fernandes e Trigueiro Sociedade de Advogados, independente de aviso ou notifica\u00e7\u00e3o. Em caso de altera\u00e7\u00e3o, as modifica\u00e7\u00f5es produzem todos os efeitos a partir do momento da disponibiliza\u00e7\u00e3o no site.<\/p>\n<p>O site Fernandes e Trigueiro Sociedade de Advogados n\u00e3o se responsabiliza caso voc\u00ea venha utilizar seus dados de forma incorreta ou inver\u00eddica, ficando exclu\u00eddo de qualquer responsabilidade neste sentido.<\/p>\n<p>Leia tamb\u00e9m nossa <a title=\"Pol\u00edtica de cookies\" href=\"https:\/\/dev.ytrigueiro.com.br\/ytadvocacia\/politica-de-cookies\/\">Pol\u00edtica de cookies<\/a> para mais informa\u00e7\u00f5es sobre a utiliza\u00e7\u00e3o de cookies em nosso site.<\/p>\t\t\t\t\t\t\t\t<\/div>\n\t\t\t\t<\/div>\n\t\t\t\t<\/div>\n\t\t\t\t\t<\/div>\n\t\t\t\t<\/div>\n\t\t\t\t<\/div>\n\t\t","protected":false},"excerpt":{"rendered":"<p>Pol\u00edtica de privacidade A sua privacidade \u00e9 importante para n\u00f3s. \u00c9 pol\u00edtica do site Fernandes e Trigueiro Sociedade de Advogados respeitar a sua privacidade em rela\u00e7\u00e3o a qualquer informa\u00e7\u00e3o sua que possamos coletar no site Fernandes e Trigueiro Sociedade de Advogados, e outros sites que possu\u00edmos e operamos. Trabalhamos com base na Lei de Prote\u00e7\u00e3o [&hellip;]<\/p>\n","protected":false},"author":1,"featured_media":0,"parent":0,"menu_order":0,"comment_status":"closed","ping_status":"open","template":"","meta":{"footnotes":""},"class_list":["post-3","page","type-page","status-publish","hentry"],"_links":{"self":[{"href":"https:\/\/dev.ytrigueiro.com.br\/ytadvocacia\/wp-json\/wp\/v2\/pages\/3","targetHints":{"allow":["GET"]}}],"collection":[{"href":"https:\/\/dev.ytrigueiro.com.br\/ytadvocacia\/wp-json\/wp\/v2\/pages"}],"about":[{"href":"https:\/\/dev.ytrigueiro.com.br\/ytadvocacia\/wp-json\/wp\/v2\/types\/page"}],"author":[{"embeddable":true,"href":"https:\/\/dev.ytrigueiro.com.br\/ytadvocacia\/wp-json\/wp\/v2\/users\/1"}],"replies":[{"embeddable":true,"href":"https:\/\/dev.ytrigueiro.com.br\/ytadvocacia\/wp-json\/wp\/v2\/comments?post=3"}],"version-history":[{"count":33,"href":"https:\/\/dev.ytrigueiro.com.br\/ytadvocacia\/wp-json\/wp\/v2\/pages\/3\/revisions"}],"predecessor-version":[{"id":731,"href":"https:\/\/dev.ytrigueiro.com.br\/ytadvocacia\/wp-json\/wp\/v2\/pages\/3\/revisions\/731"}],"wp:attachment":[{"href":"https:\/\/dev.ytrigueiro.com.br\/ytadvocacia\/wp-json\/wp\/v2\/media?parent=3"}],"curies":[{"name":"wp","href":"https:\/\/api.w.org\/{rel}","templated":true}]}}